{"id":60,"date":"2026-05-07T09:12:26","date_gmt":"2026-05-07T09:12:26","guid":{"rendered":"https:\/\/upbeat-dewdney.185-178-193-218.plesk.page\/?post_type=product&#038;p=60"},"modified":"2026-05-07T09:12:27","modified_gmt":"2026-05-07T09:12:27","slug":"taler-vollmilchkekse-snack","status":"publish","type":"product","link":"https:\/\/upbeat-dewdney.185-178-193-218.plesk.page\/index.php\/produkt\/taler-vollmilchkekse-snack\/","title":{"rendered":"Taler Vollmilchkekse Snack"},"content":{"rendered":"<p><img fetchpriority=\"high\" decoding=\"async\" class=\"alignnone size-medium wp-image-72\" src=\"https:\/\/upbeat-dewdney.185-178-193-218.plesk.page\/wp-content\/uploads\/2026\/05\/0ed5c021-c913-49be-8709-2f9cda4d17e1-300x218.png\" alt=\"\" width=\"300\" height=\"218\" srcset=\"https:\/\/upbeat-dewdney.185-178-193-218.plesk.page\/wp-content\/uploads\/2026\/05\/0ed5c021-c913-49be-8709-2f9cda4d17e1-300x218.png 300w, https:\/\/upbeat-dewdney.185-178-193-218.plesk.page\/wp-content\/uploads\/2026\/05\/0ed5c021-c913-49be-8709-2f9cda4d17e1-1024x742.png 1024w, https:\/\/upbeat-dewdney.185-178-193-218.plesk.page\/wp-content\/uploads\/2026\/05\/0ed5c021-c913-49be-8709-2f9cda4d17e1-768x557.png 768w, https:\/\/upbeat-dewdney.185-178-193-218.plesk.page\/wp-content\/uploads\/2026\/05\/0ed5c021-c913-49be-8709-2f9cda4d17e1-600x435.png 600w, https:\/\/upbeat-dewdney.185-178-193-218.plesk.page\/wp-content\/uploads\/2026\/05\/0ed5c021-c913-49be-8709-2f9cda4d17e1.png 1473w\" sizes=\"(max-width: 300px) 100vw, 300px\" \/><\/p>\n","protected":false},"excerpt":{"rendered":"<p>Die <strong data-start=\"4\" data-end=\"41\">\u201eJeden Tag Taler Vollmilch Kekse\u201c<\/strong> sind knusprige Kakaokekse in runder Form, die mit zarter Vollmilchschokolade unterlegt sind. Der Schokoladenanteil betr\u00e4gt etwa 33 %, was f\u00fcr einen ausgewogenen, s\u00fc\u00df-schokoladigen Geschmack sorgt. Die Kekse eignen sich ideal als Snack zwischendurch oder zum Kaffee.<\/p>\n","protected":false},"featured_media":0,"comment_status":"open","ping_status":"closed","template":"","meta":[],"product_brand":[24],"product_cat":[20,27,21],"product_tag":[22,28],"class_list":{"0":"post-60","1":"product","2":"type-product","3":"status-publish","5":"product_brand-taler","6":"product_cat-kekse","7":"product_cat-snack","8":"product_cat-vollmilch","9":"product_tag-kekse","10":"product_tag-snack","12":"first","13":"instock","14":"shipping-taxable","15":"purchasable","16":"product-type-simple"},"_links":{"self":[{"href":"https:\/\/upbeat-dewdney.185-178-193-218.plesk.page\/index.php\/wp-json\/wp\/v2\/product\/60","targetHints":{"allow":["GET"]}}],"collection":[{"href":"https:\/\/upbeat-dewdney.185-178-193-218.plesk.page\/index.php\/wp-json\/wp\/v2\/product"}],"about":[{"href":"https:\/\/upbeat-dewdney.185-178-193-218.plesk.page\/index.php\/wp-json\/wp\/v2\/types\/product"}],"replies":[{"embeddable":true,"href":"https:\/\/upbeat-dewdney.185-178-193-218.plesk.page\/index.php\/wp-json\/wp\/v2\/comments?post=60"}],"wp:attachment":[{"href":"https:\/\/upbeat-dewdney.185-178-193-218.plesk.page\/index.php\/wp-json\/wp\/v2\/media?parent=60"}],"wp:term":[{"taxonomy":"product_brand","embeddable":true,"href":"https:\/\/upbeat-dewdney.185-178-193-218.plesk.page\/index.php\/wp-json\/wp\/v2\/product_brand?post=60"},{"taxonomy":"product_cat","embeddable":true,"href":"https:\/\/upbeat-dewdney.185-178-193-218.plesk.page\/index.php\/wp-json\/wp\/v2\/product_cat?post=60"},{"taxonomy":"product_tag","embeddable":true,"href":"https:\/\/upbeat-dewdney.185-178-193-218.plesk.page\/index.php\/wp-json\/wp\/v2\/product_tag?post=60"}],"curies":[{"name":"wp","href":"https:\/\/api.w.org\/{rel}","templated":true}]}}