{"id":75,"date":"2026-05-08T06:18:17","date_gmt":"2026-05-08T06:18:17","guid":{"rendered":"https:\/\/upbeat-dewdney.185-178-193-218.plesk.page\/?post_type=product&#038;p=75"},"modified":"2026-05-08T06:18:17","modified_gmt":"2026-05-08T06:18:17","slug":"taler-schokoroellchen-snack","status":"publish","type":"product","link":"https:\/\/upbeat-dewdney.185-178-193-218.plesk.page\/index.php\/produkt\/taler-schokoroellchen-snack\/","title":{"rendered":"Taler Schokor\u00f6llchen Snack"},"content":{"rendered":"<p><img fetchpriority=\"high\" decoding=\"async\" class=\"alignnone size-medium wp-image-71\" src=\"https:\/\/upbeat-dewdney.185-178-193-218.plesk.page\/wp-content\/uploads\/2026\/05\/8cdb75cb-545a-486c-9559-fa609bdff40f-300x218.png\" alt=\"\" width=\"300\" height=\"218\" srcset=\"https:\/\/upbeat-dewdney.185-178-193-218.plesk.page\/wp-content\/uploads\/2026\/05\/8cdb75cb-545a-486c-9559-fa609bdff40f-300x218.png 300w, https:\/\/upbeat-dewdney.185-178-193-218.plesk.page\/wp-content\/uploads\/2026\/05\/8cdb75cb-545a-486c-9559-fa609bdff40f-1024x744.png 1024w, https:\/\/upbeat-dewdney.185-178-193-218.plesk.page\/wp-content\/uploads\/2026\/05\/8cdb75cb-545a-486c-9559-fa609bdff40f-768x558.png 768w, https:\/\/upbeat-dewdney.185-178-193-218.plesk.page\/wp-content\/uploads\/2026\/05\/8cdb75cb-545a-486c-9559-fa609bdff40f-600x436.png 600w, https:\/\/upbeat-dewdney.185-178-193-218.plesk.page\/wp-content\/uploads\/2026\/05\/8cdb75cb-545a-486c-9559-fa609bdff40f.png 1471w\" sizes=\"(max-width: 300px) 100vw, 300px\" \/><\/p>\n","protected":false},"excerpt":{"rendered":"<section class=\"text-token-text-primary w-full focus:outline-none [--shadow-height:45px] has-data-writing-block:pointer-events-none has-data-writing-block:-mt-(--shadow-height) has-data-writing-block:pt-(--shadow-height) [&amp;:has([data-writing-block])&gt;*]:pointer-events-auto R6Vx5W_threadScrollVars scroll-mb-[calc(var(--scroll-root-safe-area-inset-bottom,0px)+var(--thread-response-height))] scroll-mt-(--header-height)\" dir=\"auto\" data-turn-id=\"c094d645-dd70-45a2-b15b-27fc06d712a1\" data-testid=\"conversation-turn-3\" data-scroll-anchor=\"false\" data-turn=\"user\"><\/section>\n<section class=\"text-token-text-primary w-full focus:outline-none [--shadow-height:45px] has-data-writing-block:pointer-events-none has-data-writing-block:-mt-(--shadow-height) has-data-writing-block:pt-(--shadow-height) [&amp;:has([data-writing-block])&gt;*]:pointer-events-auto [content-visibility:auto] supports-[content-visibility:auto]:[contain-intrinsic-size:auto_100lvh] R6Vx5W_threadScrollVars scroll-mb-[calc(var(--scroll-root-safe-area-inset-bottom,0px)+var(--thread-response-height))] scroll-mt-[calc(var(--header-height)+min(200px,max(70px,20svh)))]\" dir=\"auto\" data-turn-id=\"request-WEB:bb3be2ee-898a-4ebd-b3ee-1c64238363e6-10\" data-testid=\"conversation-turn-4\" data-scroll-anchor=\"false\" data-turn=\"assistant\">\n<div class=\"text-base my-auto mx-auto pb-10 [--thread-content-margin:var(--thread-content-margin-xs,calc(var(--spacing)*4))] @w-sm\/main:[--thread-content-margin:var(--thread-content-margin-sm,calc(var(--spacing)*6))] @w-lg\/main:[--thread-content-margin:var(--thread-content-margin-lg,calc(var(--spacing)*16))] px-(--thread-content-margin)\">\n<div class=\"[--thread-content-max-width:40rem] @w-lg\/main:[--thread-content-max-width:48rem] mx-auto max-w-(--thread-content-max-width) flex-1 group\/turn-messages focus-visible:outline-hidden relative flex w-full min-w-0 flex-col agent-turn\">\n<div class=\"flex max-w-full flex-col gap-4 grow\">\n<div class=\"min-h-8 text-message relative flex w-full flex-col items-end gap-2 text-start break-words whitespace-normal outline-none keyboard-focused:focus-ring [.text-message+&amp;]:mt-1\" dir=\"auto\" tabindex=\"0\" data-message-author-role=\"assistant\" data-message-id=\"bb7e300b-8b1e-469f-87da-0f88b7cd0c7e\" data-message-model-slug=\"gpt-5-3-mini\" data-turn-start-message=\"true\">\n<div class=\"flex w-full flex-col gap-1 empty:hidden\">\n<div class=\"markdown prose dark:prose-invert wrap-break-word w-full dark markdown-new-styling\">\n<p data-start=\"0\" data-end=\"256\" data-is-last-node=\"\" data-is-only-node=\"\">Die kleinen <strong data-start=\"12\" data-end=\"45\">Schokor\u00f6llchen im Snackformat<\/strong> sind knusprige Waffelr\u00f6llchen, die mit zarter Schokoladencreme gef\u00fcllt sind. Sie sind leicht, s\u00fc\u00df und perfekt f\u00fcr den kleinen Genuss zwischendurch \u2013 ideal zum Snacken, Teilen oder als Beilage zu Kaffee und Tee.<\/p>\n<\/div>\n<\/div>\n<\/div>\n<\/div>\n<\/div>\n<\/div>\n<\/section>\n","protected":false},"featured_media":0,"comment_status":"open","ping_status":"closed","template":"","meta":[],"product_brand":[24],"product_cat":[29,27,21],"product_tag":[30,28,23],"class_list":{"0":"post-75","1":"product","2":"type-product","3":"status-publish","5":"product_brand-taler","6":"product_cat-roellchen","7":"product_cat-snack","8":"product_cat-vollmilch","9":"product_tag-roellchen","10":"product_tag-snack","11":"product_tag-vollmilch","13":"first","14":"instock","15":"shipping-taxable","16":"product-type-simple"},"_links":{"self":[{"href":"https:\/\/upbeat-dewdney.185-178-193-218.plesk.page\/index.php\/wp-json\/wp\/v2\/product\/75","targetHints":{"allow":["GET"]}}],"collection":[{"href":"https:\/\/upbeat-dewdney.185-178-193-218.plesk.page\/index.php\/wp-json\/wp\/v2\/product"}],"about":[{"href":"https:\/\/upbeat-dewdney.185-178-193-218.plesk.page\/index.php\/wp-json\/wp\/v2\/types\/product"}],"replies":[{"embeddable":true,"href":"https:\/\/upbeat-dewdney.185-178-193-218.plesk.page\/index.php\/wp-json\/wp\/v2\/comments?post=75"}],"wp:attachment":[{"href":"https:\/\/upbeat-dewdney.185-178-193-218.plesk.page\/index.php\/wp-json\/wp\/v2\/media?parent=75"}],"wp:term":[{"taxonomy":"product_brand","embeddable":true,"href":"https:\/\/upbeat-dewdney.185-178-193-218.plesk.page\/index.php\/wp-json\/wp\/v2\/product_brand?post=75"},{"taxonomy":"product_cat","embeddable":true,"href":"https:\/\/upbeat-dewdney.185-178-193-218.plesk.page\/index.php\/wp-json\/wp\/v2\/product_cat?post=75"},{"taxonomy":"product_tag","embeddable":true,"href":"https:\/\/upbeat-dewdney.185-178-193-218.plesk.page\/index.php\/wp-json\/wp\/v2\/product_tag?post=75"}],"curies":[{"name":"wp","href":"https:\/\/api.w.org\/{rel}","templated":true}]}}